{"id":2697,"date":"2019-01-04T09:37:01","date_gmt":"2019-01-04T09:37:01","guid":{"rendered":"http:\/\/novapark.se\/restaurant\/"},"modified":"2023-11-02T14:34:11","modified_gmt":"2023-11-02T13:34:11","slug":"restaurant","status":"publish","type":"page","link":"https:\/\/novapark.se\/en\/restaurant\/","title":{"rendered":"Restaurant"},"content":{"rendered":"\n<div class=\"wp-block-cover alignfull is-light\" style=\"min-height:70vh;aspect-ratio:unset;\"><span aria-hidden=\"true\" class=\"wp-block-cover__background has-background-dim\"><\/span><img loading=\"lazy\" decoding=\"async\" width=\"1600\" height=\"1200\" class=\"wp-block-cover__image-background wp-image-6596\" alt=\"\" src=\"https:\/\/novapark.se\/wp-content\/uploads\/2023\/05\/mat-novapark.jpg\" data-object-fit=\"cover\" srcset=\"https:\/\/novapark.se\/wp-content\/uploads\/2023\/05\/mat-novapark.jpg 1600w, https:\/\/novapark.se\/wp-content\/uploads\/2023\/05\/mat-novapark-300x225.jpg 300w, https:\/\/novapark.se\/wp-content\/uploads\/2023\/05\/mat-novapark-1024x768.jpg 1024w, https:\/\/novapark.se\/wp-content\/uploads\/2023\/05\/mat-novapark-768x576.jpg 768w, https:\/\/novapark.se\/wp-content\/uploads\/2023\/05\/mat-novapark-1536x1152.jpg 1536w\" sizes=\"auto, (max-width: 1600px) 100vw, 1600px\" \/><div class=\"wp-block-cover__inner-container is-layout-flow wp-block-cover-is-layout-flow\">\n<div style=\"height:100px\" aria-hidden=\"true\" class=\"wp-block-spacer\"><\/div>\n\n\n\n<p class=\"has-text-align-center upper has-white-color has-text-color\">RESTAURANT<\/p>\n\n\n\n<h1 class=\"wp-block-heading has-text-align-center has-white-color has-text-color\">Crossover kitchen<br>for the modern<br>conference guest<\/h1>\n\n\n\n<p class=\"has-text-align-center has-white-color has-text-color\">The whole world as inspiration<\/p>\n\n\n\n<div style=\"height:100px\" aria-hidden=\"true\" class=\"wp-block-spacer\"><\/div>\n<\/div><\/div>\n\n\n\n<div class=\"wp-block-cover alignfull is-light\"><span aria-hidden=\"true\" class=\"wp-block-cover__background has-background-dim-100 has-background-dim\" style=\"background-color:#efeced\"><\/span><div class=\"wp-block-cover__inner-container is-layout-flow wp-block-cover-is-layout-flow\">\n<div style=\"height:100px\" aria-hidden=\"true\" class=\"wp-block-spacer\"><\/div>\n\n\n\n<h2 class=\"wp-block-heading has-text-align-center\">A first-class dining experience \u2014 a meal to remember<\/h2>\n\n\n\n<p class=\"has-text-align-center alignnarrow\">We love food! It is our pleasure to offer an amazing dining experience, one that is sure to stay with you for a long time after and will certainly enhance your meeting. Drawing on gourmet influences from all over the world, our passionate chefs serve up tasty, nutritious and sumptuously prepared meals. Our incredible food combined with our world-class service makes meals here the perfect finishing touch for your conference or event.<\/p>\n\n\n\n<div style=\"height:100px\" aria-hidden=\"true\" class=\"wp-block-spacer\"><\/div>\n\n\n\n<div class=\"wp-block-columns alignwide is-layout-flex wp-container-core-columns-is-layout-9d6595d7 wp-block-columns-is-layout-flex\">\n<div class=\"wp-block-column article small is-layout-flow wp-block-column-is-layout-flow\">\n<figure class=\"wp-block-image size-full\"><img loading=\"lazy\" decoding=\"async\" width=\"1000\" height=\"675\" src=\"https:\/\/novapark.se\/wp-content\/uploads\/2023\/05\/Thomas.jpg\" alt=\"\" class=\"wp-image-6936\" srcset=\"https:\/\/novapark.se\/wp-content\/uploads\/2023\/05\/Thomas.jpg 1000w, https:\/\/novapark.se\/wp-content\/uploads\/2023\/05\/Thomas-300x203.jpg 300w, https:\/\/novapark.se\/wp-content\/uploads\/2023\/05\/Thomas-768x518.jpg 768w\" sizes=\"auto, (max-width: 1000px) 100vw, 1000px\" \/><\/figure>\n\n\n\n<p class=\"has-text-align-center upper\">FOOD PHILOSOPHY<\/p>\n\n\n\n<h2 class=\"wp-block-heading has-text-align-center\">We create magic <br>without limitation<\/h2>\n\n\n\n<div class=\"wp-block-buttons is-content-justification-center is-layout-flex wp-container-core-buttons-is-layout-16018d1d wp-block-buttons-is-layout-flex\">\n<div class=\"wp-block-button is-style-outline is-style-outline--1\"><a class=\"wp-block-button__link wp-element-button\" href=\"https:\/\/novapark.se\/en\/restaurant\/food-philosophy\/\">Read More<\/a><\/div>\n<\/div>\n<\/div>\n\n\n\n<div class=\"wp-block-column article small is-layout-flow wp-block-column-is-layout-flow\">\n<figure class=\"wp-block-image size-full\"><img loading=\"lazy\" decoding=\"async\" width=\"1000\" height=\"675\" src=\"https:\/\/novapark.se\/wp-content\/uploads\/2023\/05\/upplagning.jpg\" alt=\"\" class=\"wp-image-6948\" srcset=\"https:\/\/novapark.se\/wp-content\/uploads\/2023\/05\/upplagning.jpg 1000w, https:\/\/novapark.se\/wp-content\/uploads\/2023\/05\/upplagning-300x203.jpg 300w, https:\/\/novapark.se\/wp-content\/uploads\/2023\/05\/upplagning-768x518.jpg 768w\" sizes=\"auto, (max-width: 1000px) 100vw, 1000px\" \/><\/figure>\n\n\n\n<p class=\"has-text-align-center upper\">FOOD PHILOSOPHY \u2014 SPECIALITY DIETS<\/p>\n\n\n\n<h2 class=\"wp-block-heading has-text-align-center\">En minnesv\u00e4rd m\u00e5ltid <br>oavsett kosth\u00e5llning<\/h2>\n\n\n\n<div class=\"wp-block-buttons is-content-justification-center is-layout-flex wp-container-core-buttons-is-layout-16018d1d wp-block-buttons-is-layout-flex\">\n<div class=\"wp-block-button is-style-outline is-style-outline--2\"><a class=\"wp-block-button__link wp-element-button\" href=\"https:\/\/novapark.se\/en\/restaurant\/philosophy-allergies-speciality-diets\/\">Read More<\/a><\/div>\n<\/div>\n<\/div>\n\n\n\n<div class=\"wp-block-column article small is-layout-flow wp-block-column-is-layout-flow\">\n<figure class=\"wp-block-image size-large\"><img loading=\"lazy\" decoding=\"async\" width=\"1024\" height=\"682\" src=\"https:\/\/novapark.se\/wp-content\/uploads\/2023\/05\/upplevelse-hos-nova-park-med-vinpaket-1024x682.jpg\" alt=\"\" class=\"wp-image-6950\" srcset=\"https:\/\/novapark.se\/wp-content\/uploads\/2023\/05\/upplevelse-hos-nova-park-med-vinpaket-1024x682.jpg 1024w, https:\/\/novapark.se\/wp-content\/uploads\/2023\/05\/upplevelse-hos-nova-park-med-vinpaket-300x200.jpg 300w, https:\/\/novapark.se\/wp-content\/uploads\/2023\/05\/upplevelse-hos-nova-park-med-vinpaket-768x512.jpg 768w, https:\/\/novapark.se\/wp-content\/uploads\/2023\/05\/upplevelse-hos-nova-park-med-vinpaket.jpg 1400w\" sizes=\"auto, (max-width: 1024px) 100vw, 1024px\" \/><\/figure>\n\n\n\n<p class=\"has-text-align-center upper\">DRINK PHILOSOPHY<\/p>\n\n\n\n<h2 class=\"wp-block-heading has-text-align-center\">Deep flavours demand<br> exciting wines<\/h2>\n\n\n\n<div class=\"wp-block-buttons is-content-justification-center is-layout-flex wp-container-core-buttons-is-layout-16018d1d wp-block-buttons-is-layout-flex\">\n<div class=\"wp-block-button is-style-outline is-style-outline--3\"><a class=\"wp-block-button__link wp-element-button\" href=\"https:\/\/novapark.se\/en\/restaurant\/drink-philosophy\/\">Read More<\/a><\/div>\n<\/div>\n<\/div>\n<\/div>\n<\/div><\/div>\n\n\n\n<div class=\"wp-block-cover alignfull is-light\"><span aria-hidden=\"true\" class=\"wp-block-cover__background has-background-dim\"><\/span><img loading=\"lazy\" decoding=\"async\" width=\"2400\" height=\"1200\" class=\"wp-block-cover__image-background wp-image-6968\" alt=\"\" src=\"https:\/\/novapark.se\/wp-content\/uploads\/2023\/05\/frukost-novapark.jpg\" data-object-fit=\"cover\" srcset=\"https:\/\/novapark.se\/wp-content\/uploads\/2023\/05\/frukost-novapark.jpg 2400w, https:\/\/novapark.se\/wp-content\/uploads\/2023\/05\/frukost-novapark-300x150.jpg 300w, https:\/\/novapark.se\/wp-content\/uploads\/2023\/05\/frukost-novapark-1024x512.jpg 1024w, https:\/\/novapark.se\/wp-content\/uploads\/2023\/05\/frukost-novapark-768x384.jpg 768w, https:\/\/novapark.se\/wp-content\/uploads\/2023\/05\/frukost-novapark-1536x768.jpg 1536w, https:\/\/novapark.se\/wp-content\/uploads\/2023\/05\/frukost-novapark-2048x1024.jpg 2048w\" sizes=\"auto, (max-width: 2400px) 100vw, 2400px\" \/><div class=\"wp-block-cover__inner-container is-layout-flow wp-block-cover-is-layout-flow\">\n<div class=\"wp-block-group alignnarrow\"><div class=\"wp-block-group__inner-container is-layout-constrained wp-block-group-is-layout-constrained\">\n<p class=\"has-text-align-center upper has-white-color has-text-color\">BREAKFAST<\/p>\n\n\n\n<h2 class=\"wp-block-heading has-text-align-center has-white-color has-text-color\">What would you like for breakfast?<\/h2>\n\n\n\n<p class=\"has-text-align-center has-white-color has-text-color\">Everyone\u2019s breakfast habits are different. Are you in the habit of eating healthy porridge in the morning? Or maybe you\u2019re looking to mix things up with something new? We have something for everyone. Our breakfast buffet is served with all sorts of morning goodness, everything from porridge and nuts and freshly baked bread to freshly squeezed juice and pancakes with jam and cream.<\/p>\n\n\n\n<p class=\"has-text-align-center has-white-color has-text-color\">Of course, we also have a large selection of gluten-free and lactose-free products.<\/p>\n<\/div><\/div>\n<\/div><\/div>\n\n\n\n<div class=\"wp-block-cover alignfull is-light\" style=\"min-height:300px;aspect-ratio:unset;\"><span aria-hidden=\"true\" class=\"wp-block-cover__background has-background-dim-100 has-background-dim\" style=\"background-color:#efeced\"><\/span><div class=\"wp-block-cover__inner-container is-layout-flow wp-block-cover-is-layout-flow\">\n<h2 class=\"wp-block-heading has-text-align-center\">Here you will find answers <br>to some frequently asked questions<\/h2>\n\n\n\n<div class=\"wp-block-buttons is-content-justification-center is-layout-flex wp-container-core-buttons-is-layout-16018d1d wp-block-buttons-is-layout-flex\">\n<div class=\"wp-block-button is-style-outline is-style-outline--4\"><a class=\"wp-block-button__link wp-element-button\">Questions &amp; Answers<\/a><\/div>\n<\/div>\n<\/div><\/div>\n\n\n\n<div class=\"wp-block-media-text alignfull is-stacked-on-mobile is-image-fill\"><figure class=\"wp-block-media-text__media\" style=\"background-image:url(https:\/\/novapark.se\/wp-content\/uploads\/2023\/05\/lunch-1024x768.jpg);background-position:47% 77%\"><img loading=\"lazy\" decoding=\"async\" width=\"1024\" height=\"768\" src=\"https:\/\/novapark.se\/wp-content\/uploads\/2023\/05\/lunch-1024x768.jpg\" alt=\"\" class=\"wp-image-6680 size-full\" srcset=\"https:\/\/novapark.se\/wp-content\/uploads\/2023\/05\/lunch-1024x768.jpg 1024w, https:\/\/novapark.se\/wp-content\/uploads\/2023\/05\/lunch-300x225.jpg 300w, https:\/\/novapark.se\/wp-content\/uploads\/2023\/05\/lunch-768x576.jpg 768w, https:\/\/novapark.se\/wp-content\/uploads\/2023\/05\/lunch-1536x1152.jpg 1536w, https:\/\/novapark.se\/wp-content\/uploads\/2023\/05\/lunch.jpg 1600w\" sizes=\"auto, (max-width: 1024px) 100vw, 1024px\" \/><\/figure><div class=\"wp-block-media-text__content\">\n<div style=\"height:100px\" aria-hidden=\"true\" class=\"wp-block-spacer\"><\/div>\n\n\n\n<p class=\"has-text-align-center upper\">Lunch<\/p>\n\n\n\n<h2 class=\"wp-block-heading has-text-align-center\">A fresh, energizing lunch<\/h2>\n\n\n\n<p class=\"has-text-align-center\">You never want to be in a food coma right in the middle of an important meeting. Our two-course lunch, aside from its incredible taste, is designed to satiate your hunger and give you the energy you need for the rest of the day. We only use the best seasonal ingredients and endeavour to use sustainable and locally sourced food as much as we can.<\/p>\n\n\n\n<div style=\"height:100px\" aria-hidden=\"true\" class=\"wp-block-spacer\"><\/div>\n<\/div><\/div>\n\n\n\n<div class=\"wp-block-media-text alignfull has-media-on-the-right is-stacked-on-mobile is-image-fill\"><div class=\"wp-block-media-text__content\">\n<div style=\"height:100px\" aria-hidden=\"true\" class=\"wp-block-spacer\"><\/div>\n\n\n\n<p class=\"has-text-align-center upper\">COFFEE<\/p>\n\n\n\n<h2 class=\"wp-block-heading has-text-align-center\">Keep your energy levels steady all throughout the day<\/h2>\n\n\n\n<p class=\"has-text-align-center\">A long meeting day requires continuous energy. We keep our morning and afternoon buffets well-stocked, providing everything from home-baked pastries and pies to healthier options such as raw food-balls and fruits with nuts. And, of course, we always have coffee, tea, juice, fruits and natural sweets on hand, all available at several stations throughout the day.<\/p>\n\n\n\n<div style=\"height:100px\" aria-hidden=\"true\" class=\"wp-block-spacer\"><\/div>\n<\/div><figure class=\"wp-block-media-text__media\" style=\"background-image:url(https:\/\/novapark.se\/wp-content\/uploads\/2023\/05\/Fika-1024x640.jpg);background-position:69% 25%\"><img loading=\"lazy\" decoding=\"async\" width=\"1024\" height=\"640\" src=\"https:\/\/novapark.se\/wp-content\/uploads\/2023\/05\/Fika-1024x640.jpg\" alt=\"\" class=\"wp-image-6984 size-full\" srcset=\"https:\/\/novapark.se\/wp-content\/uploads\/2023\/05\/Fika-1024x640.jpg 1024w, https:\/\/novapark.se\/wp-content\/uploads\/2023\/05\/Fika-300x188.jpg 300w, https:\/\/novapark.se\/wp-content\/uploads\/2023\/05\/Fika-768x480.jpg 768w, https:\/\/novapark.se\/wp-content\/uploads\/2023\/05\/Fika-1536x960.jpg 1536w, https:\/\/novapark.se\/wp-content\/uploads\/2023\/05\/Fika.jpg 1600w\" sizes=\"auto, (max-width: 1024px) 100vw, 1024px\" \/><\/figure><\/div>\n\n\n\n<div class=\"wp-block-cover alignfull is-light\"><span aria-hidden=\"true\" class=\"wp-block-cover__background has-background-dim\"><\/span><img loading=\"lazy\" decoding=\"async\" width=\"2200\" height=\"1200\" class=\"wp-block-cover__image-background wp-image-6996\" alt=\"\" src=\"https:\/\/novapark.se\/wp-content\/uploads\/2023\/05\/middag.jpg\" style=\"object-position:63% 66%\" data-object-fit=\"cover\" data-object-position=\"63% 66%\" srcset=\"https:\/\/novapark.se\/wp-content\/uploads\/2023\/05\/middag.jpg 2200w, https:\/\/novapark.se\/wp-content\/uploads\/2023\/05\/middag-300x164.jpg 300w, https:\/\/novapark.se\/wp-content\/uploads\/2023\/05\/middag-1024x559.jpg 1024w, https:\/\/novapark.se\/wp-content\/uploads\/2023\/05\/middag-768x419.jpg 768w, https:\/\/novapark.se\/wp-content\/uploads\/2023\/05\/middag-1536x838.jpg 1536w, https:\/\/novapark.se\/wp-content\/uploads\/2023\/05\/middag-2048x1117.jpg 2048w\" sizes=\"auto, (max-width: 2200px) 100vw, 2200px\" \/><div class=\"wp-block-cover__inner-container is-layout-flow wp-block-cover-is-layout-flow\">\n<p class=\"has-text-align-center upper has-white-color has-text-color\">DINNER<\/p>\n\n\n\n<h2 class=\"wp-block-heading has-text-align-center has-white-color has-text-color\">Let\u2019s create the perfect meal together<\/h2>\n\n\n\n<p class=\"has-text-align-center alignnarrow has-white-color has-text-color\">We think the best way to end a good conference is with a dining experience that all of the guests are certain to remember. We are confident that our three-course dinner can compete with any restaurant experience. All of our dishes are prepared with the best ingredients, and everything is made entirely from scratch. In addition, we have carefully selected wines, courtesy of our sommelier, which have been chosen to enhance the gourmet experience. Everything you need for the perfect ending to a great conference.<\/p>\n<\/div><\/div>\n\n\n\n<div class=\"wp-block-cover alignfull is-light\"><span aria-hidden=\"true\" class=\"wp-block-cover__background has-background-dim-100 has-background-dim\" style=\"background-color:#efeced\"><\/span><div class=\"wp-block-cover__inner-container is-layout-flow wp-block-cover-is-layout-flow\">\n<figure class=\"wp-block-gallery alignfull has-nested-images columns-default is-cropped wp-block-gallery-5 is-layout-flex wp-block-gallery-is-layout-flex\">\n<figure class=\"wp-block-image size-large\"><img loading=\"lazy\" decoding=\"async\" width=\"1024\" height=\"768\" data-id=\"6680\" src=\"https:\/\/novapark.se\/wp-content\/uploads\/2023\/05\/lunch-1024x768.jpg\" alt=\"\" class=\"wp-image-6680\" srcset=\"https:\/\/novapark.se\/wp-content\/uploads\/2023\/05\/lunch-1024x768.jpg 1024w, https:\/\/novapark.se\/wp-content\/uploads\/2023\/05\/lunch-300x225.jpg 300w, https:\/\/novapark.se\/wp-content\/uploads\/2023\/05\/lunch-768x576.jpg 768w, https:\/\/novapark.se\/wp-content\/uploads\/2023\/05\/lunch-1536x1152.jpg 1536w, https:\/\/novapark.se\/wp-content\/uploads\/2023\/05\/lunch.jpg 1600w\" sizes=\"auto, (max-width: 1024px) 100vw, 1024px\" \/><\/figure>\n\n\n\n<figure class=\"wp-block-image size-large\"><img loading=\"lazy\" decoding=\"async\" width=\"1000\" height=\"675\" data-id=\"6936\" src=\"https:\/\/novapark.se\/wp-content\/uploads\/2023\/05\/Thomas.jpg\" alt=\"\" class=\"wp-image-6936\" srcset=\"https:\/\/novapark.se\/wp-content\/uploads\/2023\/05\/Thomas.jpg 1000w, https:\/\/novapark.se\/wp-content\/uploads\/2023\/05\/Thomas-300x203.jpg 300w, https:\/\/novapark.se\/wp-content\/uploads\/2023\/05\/Thomas-768x518.jpg 768w\" sizes=\"auto, (max-width: 1000px) 100vw, 1000px\" \/><\/figure>\n\n\n\n<figure class=\"wp-block-image size-large\"><img loading=\"lazy\" decoding=\"async\" width=\"1024\" height=\"559\" data-id=\"6996\" src=\"https:\/\/novapark.se\/wp-content\/uploads\/2023\/05\/middag-1024x559.jpg\" alt=\"\" class=\"wp-image-6996\" srcset=\"https:\/\/novapark.se\/wp-content\/uploads\/2023\/05\/middag-1024x559.jpg 1024w, https:\/\/novapark.se\/wp-content\/uploads\/2023\/05\/middag-300x164.jpg 300w, https:\/\/novapark.se\/wp-content\/uploads\/2023\/05\/middag-768x419.jpg 768w, https:\/\/novapark.se\/wp-content\/uploads\/2023\/05\/middag-1536x838.jpg 1536w, https:\/\/novapark.se\/wp-content\/uploads\/2023\/05\/middag-2048x1117.jpg 2048w\" sizes=\"auto, (max-width: 1024px) 100vw, 1024px\" \/><\/figure>\n\n\n\n<figure class=\"wp-block-image size-large\"><img loading=\"lazy\" decoding=\"async\" width=\"1000\" height=\"675\" data-id=\"6948\" src=\"https:\/\/novapark.se\/wp-content\/uploads\/2023\/05\/upplagning.jpg\" alt=\"\" class=\"wp-image-6948\" srcset=\"https:\/\/novapark.se\/wp-content\/uploads\/2023\/05\/upplagning.jpg 1000w, https:\/\/novapark.se\/wp-content\/uploads\/2023\/05\/upplagning-300x203.jpg 300w, https:\/\/novapark.se\/wp-content\/uploads\/2023\/05\/upplagning-768x518.jpg 768w\" sizes=\"auto, (max-width: 1000px) 100vw, 1000px\" \/><\/figure>\n\n\n\n<figure class=\"wp-block-image size-large\"><img loading=\"lazy\" decoding=\"async\" width=\"1024\" height=\"605\" data-id=\"7004\" src=\"https:\/\/novapark.se\/wp-content\/uploads\/2023\/05\/Gastrorunda-pitch-1024x605.jpg\" alt=\"\" class=\"wp-image-7004\" srcset=\"https:\/\/novapark.se\/wp-content\/uploads\/2023\/05\/Gastrorunda-pitch-1024x605.jpg 1024w, https:\/\/novapark.se\/wp-content\/uploads\/2023\/05\/Gastrorunda-pitch-300x177.jpg 300w, https:\/\/novapark.se\/wp-content\/uploads\/2023\/05\/Gastrorunda-pitch-768x454.jpg 768w, https:\/\/novapark.se\/wp-content\/uploads\/2023\/05\/Gastrorunda-pitch-1536x908.jpg 1536w, https:\/\/novapark.se\/wp-content\/uploads\/2023\/05\/Gastrorunda-pitch-2048x1210.jpg 2048w\" sizes=\"auto, (max-width: 1024px) 100vw, 1024px\" \/><\/figure>\n\n\n\n<figure class=\"wp-block-image size-large\"><img loading=\"lazy\" decoding=\"async\" width=\"1024\" height=\"682\" data-id=\"7006\" src=\"https:\/\/novapark.se\/wp-content\/uploads\/2023\/05\/konferens-hos-Nova-park-med-glad-personal-som-tar-hand-om-er-1024x682.jpg\" alt=\"\" class=\"wp-image-7006\" srcset=\"https:\/\/novapark.se\/wp-content\/uploads\/2023\/05\/konferens-hos-Nova-park-med-glad-personal-som-tar-hand-om-er-1024x682.jpg 1024w, https:\/\/novapark.se\/wp-content\/uploads\/2023\/05\/konferens-hos-Nova-park-med-glad-personal-som-tar-hand-om-er-300x200.jpg 300w, https:\/\/novapark.se\/wp-content\/uploads\/2023\/05\/konferens-hos-Nova-park-med-glad-personal-som-tar-hand-om-er-768x512.jpg 768w, https:\/\/novapark.se\/wp-content\/uploads\/2023\/05\/konferens-hos-Nova-park-med-glad-personal-som-tar-hand-om-er.jpg 1400w\" sizes=\"auto, (max-width: 1024px) 100vw, 1024px\" \/><\/figure>\n<\/figure>\n\n\n\n<div style=\"height:100px\" aria-hidden=\"true\" class=\"wp-block-spacer\"><\/div>\n\n\n\n<h2 class=\"wp-block-heading has-text-align-center\">Visit us on social media<\/h2>\n\n\n\n<div style=\"height:20px\" aria-hidden=\"true\" class=\"wp-block-spacer\"><\/div>\n\n\n\n<p class=\"has-text-align-center upper\">FIND MORE ABOUT US HERE<\/p>\n\n\n\n<div style=\"height:40px\" aria-hidden=\"true\" class=\"wp-block-spacer\"><\/div>\n\n\n\n<ul class=\"wp-block-social-links has-normal-icon-size has-visible-labels has-icon-color has-icon-background-color is-style-default is-content-justification-center is-layout-flex wp-container-core-social-links-is-layout-16018d1d wp-block-social-links-is-layout-flex\"><li style=\"color:#000000;background-color:#ffffff00;\" class=\"wp-social-link wp-social-link-facebook has-black-color wp-block-social-link\"><a href=\"https:\/\/www.facebook.com\/novaparkconference\/\" class=\"wp-block-social-link-anchor\" target=\"_blank\" rel=\"noopener\"><svg width=\"24\" height=\"24\" viewBox=\"0 0 24 24\" version=\"1.1\" xmlns=\"http:\/\/www.w3.org\/2000\/svg\" aria-hidden=\"true\" focusable=\"false\"><path d=\"M12 2C6.5 2 2 6.5 2 12c0 5 3.7 9.1 8.4 9.9v-7H7.9V12h2.5V9.8c0-2.5 1.5-3.9 3.8-3.9 1.1 0 2.2.2 2.2.2v2.5h-1.3c-1.2 0-1.6.8-1.6 1.6V12h2.8l-.4 2.9h-2.3v7C18.3 21.1 22 17 22 12c0-5.5-4.5-10-10-10z\"><\/path><\/svg><span class=\"wp-block-social-link-label\">Facebook<\/span><\/a><\/li>\n\n<li style=\"color:#000000;background-color:#ffffff00;\" class=\"wp-social-link wp-social-link-instagram has-black-color wp-block-social-link\"><a href=\"https:\/\/www.instagram.com\/novaparkconference\/\" class=\"wp-block-social-link-anchor\" target=\"_blank\" rel=\"noopener\"><svg width=\"24\" height=\"24\" viewBox=\"0 0 24 24\" version=\"1.1\" xmlns=\"http:\/\/www.w3.org\/2000\/svg\" aria-hidden=\"true\" focusable=\"false\"><path d=\"M12,4.622c2.403,0,2.688,0.009,3.637,0.052c0.877,0.04,1.354,0.187,1.671,0.31c0.42,0.163,0.72,0.358,1.035,0.673 c0.315,0.315,0.51,0.615,0.673,1.035c0.123,0.317,0.27,0.794,0.31,1.671c0.043,0.949,0.052,1.234,0.052,3.637 s-0.009,2.688-0.052,3.637c-0.04,0.877-0.187,1.354-0.31,1.671c-0.163,0.42-0.358,0.72-0.673,1.035 c-0.315,0.315-0.615,0.51-1.035,0.673c-0.317,0.123-0.794,0.27-1.671,0.31c-0.949,0.043-1.233,0.052-3.637,0.052 s-2.688-0.009-3.637-0.052c-0.877-0.04-1.354-0.187-1.671-0.31c-0.42-0.163-0.72-0.358-1.035-0.673 c-0.315-0.315-0.51-0.615-0.673-1.035c-0.123-0.317-0.27-0.794-0.31-1.671C4.631,14.688,4.622,14.403,4.622,12 s0.009-2.688,0.052-3.637c0.04-0.877,0.187-1.354,0.31-1.671c0.163-0.42,0.358-0.72,0.673-1.035 c0.315-0.315,0.615-0.51,1.035-0.673c0.317-0.123,0.794-0.27,1.671-0.31C9.312,4.631,9.597,4.622,12,4.622 M12,3 C9.556,3,9.249,3.01,8.289,3.054C7.331,3.098,6.677,3.25,6.105,3.472C5.513,3.702,5.011,4.01,4.511,4.511 c-0.5,0.5-0.808,1.002-1.038,1.594C3.25,6.677,3.098,7.331,3.054,8.289C3.01,9.249,3,9.556,3,12c0,2.444,0.01,2.751,0.054,3.711 c0.044,0.958,0.196,1.612,0.418,2.185c0.23,0.592,0.538,1.094,1.038,1.594c0.5,0.5,1.002,0.808,1.594,1.038 c0.572,0.222,1.227,0.375,2.185,0.418C9.249,20.99,9.556,21,12,21s2.751-0.01,3.711-0.054c0.958-0.044,1.612-0.196,2.185-0.418 c0.592-0.23,1.094-0.538,1.594-1.038c0.5-0.5,0.808-1.002,1.038-1.594c0.222-0.572,0.375-1.227,0.418-2.185 C20.99,14.751,21,14.444,21,12s-0.01-2.751-0.054-3.711c-0.044-0.958-0.196-1.612-0.418-2.185c-0.23-0.592-0.538-1.094-1.038-1.594 c-0.5-0.5-1.002-0.808-1.594-1.038c-0.572-0.222-1.227-0.375-2.185-0.418C14.751,3.01,14.444,3,12,3L12,3z M12,7.378 c-2.552,0-4.622,2.069-4.622,4.622S9.448,16.622,12,16.622s4.622-2.069,4.622-4.622S14.552,7.378,12,7.378z M12,15 c-1.657,0-3-1.343-3-3s1.343-3,3-3s3,1.343,3,3S13.657,15,12,15z M16.804,6.116c-0.596,0-1.08,0.484-1.08,1.08 s0.484,1.08,1.08,1.08c0.596,0,1.08-0.484,1.08-1.08S17.401,6.116,16.804,6.116z\"><\/path><\/svg><span class=\"wp-block-social-link-label\">Instagram<\/span><\/a><\/li><\/ul>\n\n\n\n<div style=\"height:100px\" aria-hidden=\"true\" class=\"wp-block-spacer\"><\/div>\n<\/div><\/div>\n","protected":false},"excerpt":{"rendered":"","protected":false},"author":7,"featured_media":0,"parent":0,"menu_order":0,"comment_status":"closed","ping_status":"closed","template":"","meta":{"_acf_changed":false,"footnotes":""},"class_list":["post-2697","page","type-page","status-publish","hentry"],"acf":[],"_links":{"self":[{"href":"https:\/\/novapark.se\/en\/wp-json\/wp\/v2\/pages\/2697","targetHints":{"allow":["GET"]}}],"collection":[{"href":"https:\/\/novapark.se\/en\/wp-json\/wp\/v2\/pages"}],"about":[{"href":"https:\/\/novapark.se\/en\/wp-json\/wp\/v2\/types\/page"}],"author":[{"embeddable":true,"href":"https:\/\/novapark.se\/en\/wp-json\/wp\/v2\/users\/7"}],"replies":[{"embeddable":true,"href":"https:\/\/novapark.se\/en\/wp-json\/wp\/v2\/comments?post=2697"}],"version-history":[{"count":10,"href":"https:\/\/novapark.se\/en\/wp-json\/wp\/v2\/pages\/2697\/revisions"}],"predecessor-version":[{"id":8212,"href":"https:\/\/novapark.se\/en\/wp-json\/wp\/v2\/pages\/2697\/revisions\/8212"}],"wp:attachment":[{"href":"https:\/\/novapark.se\/en\/wp-json\/wp\/v2\/media?parent=2697"}],"curies":[{"name":"wp","href":"https:\/\/api.w.org\/{rel}","templated":true}]}}