{"id":2810,"date":"2019-01-04T14:18:09","date_gmt":"2019-01-04T14:18:09","guid":{"rendered":"http:\/\/novapark.se\/find-your-way\/"},"modified":"2024-01-24T09:23:49","modified_gmt":"2024-01-24T08:23:49","slug":"find-your-way","status":"publish","type":"page","link":"https:\/\/novapark.se\/en\/find-your-way\/","title":{"rendered":"Find your way"},"content":{"rendered":"\n<div class=\"wp-block-cover alignfull is-light\" style=\"min-height:70vh;aspect-ratio:unset;\"><span aria-hidden=\"true\" class=\"wp-block-cover__background has-background-dim\"><\/span><img loading=\"lazy\" decoding=\"async\" width=\"1600\" height=\"1000\" class=\"wp-block-cover__image-background wp-image-7276\" alt=\"\" src=\"https:\/\/novapark.se\/wp-content\/uploads\/2023\/05\/Fasad-lage.jpg\" data-object-fit=\"cover\" srcset=\"https:\/\/novapark.se\/wp-content\/uploads\/2023\/05\/Fasad-lage.jpg 1600w, https:\/\/novapark.se\/wp-content\/uploads\/2023\/05\/Fasad-lage-300x188.jpg 300w, https:\/\/novapark.se\/wp-content\/uploads\/2023\/05\/Fasad-lage-1024x640.jpg 1024w, https:\/\/novapark.se\/wp-content\/uploads\/2023\/05\/Fasad-lage-768x480.jpg 768w, https:\/\/novapark.se\/wp-content\/uploads\/2023\/05\/Fasad-lage-1536x960.jpg 1536w\" sizes=\"auto, (max-width: 1600px) 100vw, 1600px\" \/><div class=\"wp-block-cover__inner-container is-layout-flow wp-block-cover-is-layout-flow\">\n<p class=\"has-text-align-center upper has-white-color has-text-color\">FIND YOUR WAY<\/p>\n\n\n\n<h1 class=\"wp-block-heading has-text-align-center has-white-color has-text-color\">How to get to<br>Nova Park<\/h1>\n\n\n\n<p class=\"has-text-align-center has-white-color has-text-color\">Easily accessible by car, train or bus<\/p>\n<\/div><\/div>\n\n\n\n<section class=\"vagbeskrivning alignfull\">\n    <div class=\"map-overlay\"><\/div>\n    <div id=\"map\"><\/div>\n    <div class=\"content\">\n        <form action=\"\">\n            <div class=\"input-group\">\n                <input type=\"text\" id=\"geocomplete\" class=\"form-control\" placeholder=\"Your location\">\n                <input id=\"current\" type=\"hidden\" placeholder=\"current location\" value=\"GREDELBYV\u00c4GEN 138, 741 71 Knivsta, Sverige\" \/>\n                <div class=\"input-group-append\">\n                    <button class=\"btn\" type=\"button\" id=\"mapButton\">Find your way<\/button>\n                <\/div>\n            <\/div>\n        <\/form>\n    <\/div>\n<\/section>\n\n<script>\n  (g=>{var h,a,k,p=\"The Google Maps JavaScript API\",c=\"google\",l=\"importLibrary\",q=\"__ib__\",m=document,b=window;b=b[c]||(b[c]={});var d=b.maps||(b.maps={}),r=new Set,e=new URLSearchParams,u=()=>h||(h=new Promise(async(f,n)=>{await (a=m.createElement(\"script\"));e.set(\"libraries\",[...r]+\"\");for(k in g)e.set(k.replace(\/[A-Z]\/g,t=>\"_\"+t[0].toLowerCase()),g[k]);e.set(\"callback\",c+\".maps.\"+q);a.src=`https:\/\/maps.${c}apis.com\/maps\/api\/js?`+e;d[q]=f;a.onerror=()=>h=n(Error(p+\" could not load.\"));a.nonce=m.querySelector(\"script[nonce]\")?.nonce||\"\";m.head.append(a)}));d[l]?console.warn(p+\" only loads once. Ignoring:\",g):d[l]=(f,...n)=>r.add(f)&&u().then(()=>d[l](f,...n))})({\n    key: \"AIzaSyDDTtgPsh79geLmE8HNo6MEM3mgM75wfuU\",\n  });\n<\/script>\n<script>\n  \/\/ Initialize and add the map\n  let map;\n\n  async function initMap() {\n    \/\/ The location of Uluru\n    const position = { lat: 59.7391631, lng: 17.8142667 };\n    \/\/ Request needed libraries.\n    \/\/@ts-ignore\n    const { Map } = await google.maps.importLibrary(\"maps\");\n\n\n    \/\/ The map, centered at Uluru\n    map = new Map(document.getElementById(\"map\"), {\n      zoom: 15,\n      center: position,\n      mapTypeId: google.maps.MapTypeId.ROADMAP,\n      disableDefaultUI: true,\n    });\n  }\n\n  initMap();\n  var input = document.getElementById(\"geocomplete\");\n  async function initAutoComplete() {\n\n      const { Autocomplete } = await google.maps.importLibrary(\"places\");\n      var ac = new Autocomplete(input);\n  }\n\n  initAutoComplete();\n\n  var map_button = document.getElementById(\"mapButton\");\n  map_button.addEventListener(\"click\", openMapLink);\n\n  function openMapLink(e) {\n    e.preventDefault();\n\n    var current_location_path = document.getElementById(\"current\").value;\n    var final_location_path = input.value;\n    window.open('https:\/\/www.google.com\/maps?daddr='+ current_location_path +'&saddr='+ final_location_path, '_blank');\n  }\n\n\n\n\n<\/script>\n\n\n\n<div class=\"wp-block-cover alignfull is-light\"><span aria-hidden=\"true\" class=\"wp-block-cover__background has-background-dim-100 has-background-dim\" style=\"background-color:#efeced\"><\/span><div class=\"wp-block-cover__inner-container is-layout-flow wp-block-cover-is-layout-flow\">\n<div style=\"height:60px\" aria-hidden=\"true\" class=\"wp-block-spacer\"><\/div>\n\n\n\n<div class=\"wp-block-columns filler is-layout-flex wp-container-core-columns-is-layout-9d6595d7 wp-block-columns-is-layout-flex\">\n<div class=\"wp-block-column alignsemiwide is-layout-flow wp-block-column-is-layout-flow\">\n<div class=\"wp-block-cover is-light\"><span aria-hidden=\"true\" class=\"wp-block-cover__background has-white-background-color has-background-dim-100 has-background-dim\"><\/span><div class=\"wp-block-cover__inner-container is-layout-flow wp-block-cover-is-layout-flow\">\n<h2 class=\"wp-block-heading has-text-align-center\">Directions from the south<\/h2>\n\n\n\n<p class=\"has-text-align-center\">Follow E4 towards Uppsala and then take exit 184 towards Norrt\u00e4lje, Knivsta and Nova Park. Go left towards AR, Knivsta. The hotel is on the left. The address is: Gredelbyv\u00e4gen 138, Knivsta.<\/p>\n\n\n\n<h2 class=\"wp-block-heading has-text-align-center\">Directions from the north<\/h2>\n\n\n\n<p class=\"has-text-align-center\">Coming from Uppsala, follow E4 towards Stockholm. After about 15 km from Uppsala, take exit 184 towards Norrt\u00e4lje, Knivsta and Nova Park. Go right towards AR, Knivsta. The hotel is on the left. The address is: Gredelbyv\u00e4gen 138, Knivsta.<\/p>\n<\/div><\/div>\n<\/div>\n\n\n\n<div class=\"wp-block-column is-layout-flow wp-block-column-is-layout-flow\">\n<div class=\"wp-block-cover is-light\"><span aria-hidden=\"true\" class=\"wp-block-cover__background has-white-background-color has-background-dim-100 has-background-dim\"><\/span><div class=\"wp-block-cover__inner-container is-layout-flow wp-block-cover-is-layout-flow\">\n<h2 class=\"wp-block-heading has-text-align-center\">Airports around Nova Park<\/h2>\n\n\n\n<p class=\"has-text-align-center\">Arlanda Airport, Stockholm \u2014 12 minutes by car<br>Bromma Airport, Stockholm C \u2014 35 minutes by car<\/p>\n\n\n\n<h2 class=\"wp-block-heading has-text-align-center\">Railway stations around Nova Park<\/h2>\n\n\n\n<p class=\"has-text-align-center\">Stockholm Central Station \u2014 35 minutes by car<br>Uppsala Station \u2014 12 minutes by car<br>Knivsta Station \u2014 5 minutes by car<\/p>\n<\/div><\/div>\n<\/div>\n<\/div>\n\n\n\n<div style=\"height:60px\" aria-hidden=\"true\" class=\"wp-block-spacer\"><\/div>\n<\/div><\/div>\n\n\n\n<div class=\"wp-block-cover alignfull\"><span aria-hidden=\"true\" class=\"wp-block-cover__background has-background-dim\"><\/span><img loading=\"lazy\" decoding=\"async\" width=\"2400\" height=\"900\" class=\"wp-block-cover__image-background wp-image-7436\" alt=\"\" src=\"https:\/\/novapark.se\/wp-content\/uploads\/2023\/05\/buss-till-novapark.jpg\" data-object-fit=\"cover\" srcset=\"https:\/\/novapark.se\/wp-content\/uploads\/2023\/05\/buss-till-novapark.jpg 2400w, https:\/\/novapark.se\/wp-content\/uploads\/2023\/05\/buss-till-novapark-300x113.jpg 300w, https:\/\/novapark.se\/wp-content\/uploads\/2023\/05\/buss-till-novapark-1024x384.jpg 1024w, https:\/\/novapark.se\/wp-content\/uploads\/2023\/05\/buss-till-novapark-768x288.jpg 768w, https:\/\/novapark.se\/wp-content\/uploads\/2023\/05\/buss-till-novapark-1536x576.jpg 1536w, https:\/\/novapark.se\/wp-content\/uploads\/2023\/05\/buss-till-novapark-2048x768.jpg 2048w\" sizes=\"auto, (max-width: 2400px) 100vw, 2400px\" \/><div class=\"wp-block-cover__inner-container is-layout-flow wp-block-cover-is-layout-flow\">\n<div style=\"height:100px\" aria-hidden=\"true\" class=\"wp-block-spacer\"><\/div>\n\n\n\n<div class=\"wp-block-group alignnarrow\"><div class=\"wp-block-group__inner-container is-layout-constrained wp-block-group-is-layout-constrained\">\n<h2 class=\"wp-block-heading has-text-align-center\">Buses to Nova Park<\/h2>\n\n\n\n<p class=\"has-text-align-center\">Flygbuss 801 fr\u00e5n b\u00e5de Uppsala och Arlanda. Bussh\u00e5llplats Hotell Nova Park finns precis utanf\u00f6r hotellet. Lokalbuss 181 fr\u00e5n Knivsta Station till Nova Park och 180 fr\u00e5n Nova Park till Knivsta Station. Bussh\u00e5llplats Knivsta Ar-terminalen precis utanf\u00f6r hotellet.<\/p>\n\n\n\n<div class=\"wp-block-buttons is-content-justification-center is-layout-flex wp-container-core-buttons-is-layout-16018d1d wp-block-buttons-is-layout-flex\">\n<div class=\"wp-block-button is-style-outline is-style-outline--1\"><a class=\"wp-block-button__link wp-element-button\" href=\"http:\/\/chrome-extension:\/\/efaidnbmnnnibpcajpcglclefindmkaj\/https:\/\/www.ul.se\/globalassets\/tidtabeller\/nya\/Regionbuss\/230814_231209\/Regionbuss_801_230814_231209.pdf\">TIME TABLE 801<\/a><\/div>\n\n\n\n<div class=\"wp-block-button is-style-outline is-style-outline--2\"><a class=\"wp-block-button__link wp-element-button\" href=\"https:\/\/www.ul.se\/globalassets\/tidtabeller\/nya\/Tatortsbuss\/230814_231209\/Tatortsbuss_180_230814_231209.pdf\" target=\"_blank\" rel=\"noopener\">TIME TABLE 180<\/a><\/div>\n\n\n\n<div class=\"wp-block-button is-style-outline is-style-outline--3\"><a class=\"wp-block-button__link wp-element-button\" href=\"https:\/\/www.ul.se\/globalassets\/tidtabeller\/nya\/Tatortsbuss\/230814_231209\/Tatortsbuss_181_230814_231209.pdf\" target=\"_blank\" rel=\"noopener\">TIME TABLE 181<\/a><\/div>\n<\/div>\n<\/div><\/div>\n\n\n\n<div style=\"height:100px\" aria-hidden=\"true\" class=\"wp-block-spacer\"><\/div>\n<\/div><\/div>\n\n\n\n<div class=\"wp-block-cover alignfull is-light\"><span aria-hidden=\"true\" class=\"wp-block-cover__background has-background-dim-100 has-background-dim\" style=\"background-color:#efeced\"><\/span><div class=\"wp-block-cover__inner-container is-layout-flow wp-block-cover-is-layout-flow\">\n<div style=\"height:100px\" aria-hidden=\"true\" class=\"wp-block-spacer\"><\/div>\n\n\n\n<h2 class=\"wp-block-heading has-text-align-center\">Visit us on social media<\/h2>\n\n\n\n<div style=\"height:20px\" aria-hidden=\"true\" class=\"wp-block-spacer\"><\/div>\n\n\n\n<p class=\"has-text-align-center upper\">FIND MORE ABOUT US HERE<\/p>\n\n\n\n<div style=\"height:40px\" aria-hidden=\"true\" class=\"wp-block-spacer\"><\/div>\n\n\n\n<ul class=\"wp-block-social-links has-normal-icon-size has-visible-labels has-icon-color has-icon-background-color is-style-default is-content-justification-center is-layout-flex wp-container-core-social-links-is-layout-16018d1d wp-block-social-links-is-layout-flex\"><li style=\"color:#000000;background-color:#ffffff00;\" class=\"wp-social-link wp-social-link-facebook has-black-color wp-block-social-link\"><a href=\"https:\/\/www.facebook.com\/novaparkconference\/\" class=\"wp-block-social-link-anchor\" target=\"_blank\" rel=\"noopener\"><svg width=\"24\" height=\"24\" viewBox=\"0 0 24 24\" version=\"1.1\" xmlns=\"http:\/\/www.w3.org\/2000\/svg\" aria-hidden=\"true\" focusable=\"false\"><path d=\"M12 2C6.5 2 2 6.5 2 12c0 5 3.7 9.1 8.4 9.9v-7H7.9V12h2.5V9.8c0-2.5 1.5-3.9 3.8-3.9 1.1 0 2.2.2 2.2.2v2.5h-1.3c-1.2 0-1.6.8-1.6 1.6V12h2.8l-.4 2.9h-2.3v7C18.3 21.1 22 17 22 12c0-5.5-4.5-10-10-10z\"><\/path><\/svg><span class=\"wp-block-social-link-label\">Facebook<\/span><\/a><\/li>\n\n<li style=\"color:#000000;background-color:#ffffff00;\" class=\"wp-social-link wp-social-link-instagram has-black-color wp-block-social-link\"><a href=\"https:\/\/www.instagram.com\/novaparkconference\/\" class=\"wp-block-social-link-anchor\" target=\"_blank\" rel=\"noopener\"><svg width=\"24\" height=\"24\" viewBox=\"0 0 24 24\" version=\"1.1\" xmlns=\"http:\/\/www.w3.org\/2000\/svg\" aria-hidden=\"true\" focusable=\"false\"><path d=\"M12,4.622c2.403,0,2.688,0.009,3.637,0.052c0.877,0.04,1.354,0.187,1.671,0.31c0.42,0.163,0.72,0.358,1.035,0.673 c0.315,0.315,0.51,0.615,0.673,1.035c0.123,0.317,0.27,0.794,0.31,1.671c0.043,0.949,0.052,1.234,0.052,3.637 s-0.009,2.688-0.052,3.637c-0.04,0.877-0.187,1.354-0.31,1.671c-0.163,0.42-0.358,0.72-0.673,1.035 c-0.315,0.315-0.615,0.51-1.035,0.673c-0.317,0.123-0.794,0.27-1.671,0.31c-0.949,0.043-1.233,0.052-3.637,0.052 s-2.688-0.009-3.637-0.052c-0.877-0.04-1.354-0.187-1.671-0.31c-0.42-0.163-0.72-0.358-1.035-0.673 c-0.315-0.315-0.51-0.615-0.673-1.035c-0.123-0.317-0.27-0.794-0.31-1.671C4.631,14.688,4.622,14.403,4.622,12 s0.009-2.688,0.052-3.637c0.04-0.877,0.187-1.354,0.31-1.671c0.163-0.42,0.358-0.72,0.673-1.035 c0.315-0.315,0.615-0.51,1.035-0.673c0.317-0.123,0.794-0.27,1.671-0.31C9.312,4.631,9.597,4.622,12,4.622 M12,3 C9.556,3,9.249,3.01,8.289,3.054C7.331,3.098,6.677,3.25,6.105,3.472C5.513,3.702,5.011,4.01,4.511,4.511 c-0.5,0.5-0.808,1.002-1.038,1.594C3.25,6.677,3.098,7.331,3.054,8.289C3.01,9.249,3,9.556,3,12c0,2.444,0.01,2.751,0.054,3.711 c0.044,0.958,0.196,1.612,0.418,2.185c0.23,0.592,0.538,1.094,1.038,1.594c0.5,0.5,1.002,0.808,1.594,1.038 c0.572,0.222,1.227,0.375,2.185,0.418C9.249,20.99,9.556,21,12,21s2.751-0.01,3.711-0.054c0.958-0.044,1.612-0.196,2.185-0.418 c0.592-0.23,1.094-0.538,1.594-1.038c0.5-0.5,0.808-1.002,1.038-1.594c0.222-0.572,0.375-1.227,0.418-2.185 C20.99,14.751,21,14.444,21,12s-0.01-2.751-0.054-3.711c-0.044-0.958-0.196-1.612-0.418-2.185c-0.23-0.592-0.538-1.094-1.038-1.594 c-0.5-0.5-1.002-0.808-1.594-1.038c-0.572-0.222-1.227-0.375-2.185-0.418C14.751,3.01,14.444,3,12,3L12,3z M12,7.378 c-2.552,0-4.622,2.069-4.622,4.622S9.448,16.622,12,16.622s4.622-2.069,4.622-4.622S14.552,7.378,12,7.378z M12,15 c-1.657,0-3-1.343-3-3s1.343-3,3-3s3,1.343,3,3S13.657,15,12,15z M16.804,6.116c-0.596,0-1.08,0.484-1.08,1.08 s0.484,1.08,1.08,1.08c0.596,0,1.08-0.484,1.08-1.08S17.401,6.116,16.804,6.116z\"><\/path><\/svg><span class=\"wp-block-social-link-label\">Instagram<\/span><\/a><\/li><\/ul>\n\n\n\n<div style=\"height:100px\" aria-hidden=\"true\" class=\"wp-block-spacer\"><\/div>\n<\/div><\/div>\n\n\n\n<p><\/p>\n","protected":false},"excerpt":{"rendered":"","protected":false},"author":7,"featured_media":0,"parent":0,"menu_order":0,"comment_status":"closed","ping_status":"closed","template":"","meta":{"_acf_changed":false,"footnotes":""},"class_list":["post-2810","page","type-page","status-publish","hentry"],"acf":[],"_links":{"self":[{"href":"https:\/\/novapark.se\/en\/wp-json\/wp\/v2\/pages\/2810","targetHints":{"allow":["GET"]}}],"collection":[{"href":"https:\/\/novapark.se\/en\/wp-json\/wp\/v2\/pages"}],"about":[{"href":"https:\/\/novapark.se\/en\/wp-json\/wp\/v2\/types\/page"}],"author":[{"embeddable":true,"href":"https:\/\/novapark.se\/en\/wp-json\/wp\/v2\/users\/7"}],"replies":[{"embeddable":true,"href":"https:\/\/novapark.se\/en\/wp-json\/wp\/v2\/comments?post=2810"}],"version-history":[{"count":4,"href":"https:\/\/novapark.se\/en\/wp-json\/wp\/v2\/pages\/2810\/revisions"}],"predecessor-version":[{"id":8317,"href":"https:\/\/novapark.se\/en\/wp-json\/wp\/v2\/pages\/2810\/revisions\/8317"}],"wp:attachment":[{"href":"https:\/\/novapark.se\/en\/wp-json\/wp\/v2\/media?parent=2810"}],"curies":[{"name":"wp","href":"https:\/\/api.w.org\/{rel}","templated":true}]}}